{"id":2593,"date":"2021-09-06T18:10:24","date_gmt":"2021-09-06T18:10:24","guid":{"rendered":"https:\/\/native-church.imithemes.com\/parish\/?page_id=2593"},"modified":"2021-09-06T18:10:24","modified_gmt":"2021-09-06T18:10:24","slug":"prayer-wall","status":"publish","type":"page","link":"https:\/\/jaimetomazdeaquino.org.br\/?page_id=2593","title":{"rendered":"Prayer Wall"},"content":{"rendered":"\t\t<div data-elementor-type=\"wp-page\" data-elementor-id=\"2593\" class=\"elementor elementor-2593\" data-elementor-post-type=\"page\">\n\t\t\t\t\t\t<section class=\"elementor-section elementor-top-section elementor-element elementor-element-5bf21faf elementor-section-stretched elementor-section-boxed elementor-section-height-default elementor-section-height-default\" data-id=\"5bf21faf\" data-element_type=\"section\" data-e-type=\"section\" data-settings=\"{&quot;stretch_section&quot;:&quot;section-stretched&quot;,&quot;background_background&quot;:&quot;classic&quot;}\">\n\t\t\t\t\t\t<div class=\"elementor-container elementor-column-gap-default\">\n\t\t\t\t\t<div class=\"elementor-column elementor-col-100 elementor-top-column elementor-element elementor-element-68a7ca9c\" data-id=\"68a7ca9c\" data-element_type=\"column\" data-e-type=\"column\">\n\t\t\t<div class=\"elementor-widget-wrap elementor-element-populated\">\n\t\t\t\t\t\t<div class=\"elementor-element elementor-element-23412135 elementor-widget elementor-widget-heading\" data-id=\"23412135\" data-element_type=\"widget\" data-e-type=\"widget\" data-widget_type=\"heading.default\">\n\t\t\t\t<div class=\"elementor-widget-container\">\n\t\t\t\t\t<h1 class=\"elementor-heading-title elementor-size-default\">Prayer Wall<\/h1>\t\t\t\t<\/div>\n\t\t\t\t<\/div>\n\t\t\t\t\t<\/div>\n\t\t<\/div>\n\t\t\t\t\t<\/div>\n\t\t<\/section>\n\t\t\t\t<section class=\"elementor-section elementor-top-section elementor-element elementor-element-8e2e497 elementor-section-boxed elementor-section-height-default elementor-section-height-default\" data-id=\"8e2e497\" data-element_type=\"section\" data-e-type=\"section\">\n\t\t\t\t\t\t<div class=\"elementor-container elementor-column-gap-default\">\n\t\t\t\t\t<div class=\"elementor-column elementor-col-100 elementor-top-column elementor-element elementor-element-e79ae2a\" data-id=\"e79ae2a\" data-element_type=\"column\" data-e-type=\"column\">\n\t\t\t<div class=\"elementor-widget-wrap elementor-element-populated\">\n\t\t\t\t\t\t<div class=\"elementor-element elementor-element-af8e438 elementor-widget elementor-widget-shortcode\" data-id=\"af8e438\" data-element_type=\"widget\" data-e-type=\"widget\" data-widget_type=\"shortcode.default\">\n\t\t\t\t<div class=\"elementor-widget-container\">\n\t\t\t\t\t<!-- prayer submit form -->\n<div id=\"ipray-submit-container\">\n\t\t\t\t<div class=\"ipray-links\">\n                        <a class=\"btn btn-primary\" data-close=\"Fechar Formul\u00e1rio De Pedido De Ora\u00e7\u00e3o\" data-open=\"Compartilhe seu pedido ou elogio\" id=\"ipray-share-button\" href=\"javascript:;\">\n                           Compartilhe seu pedido ou elogio                        <\/a>\n                        <a class=\"btn btn-default\" data-close=\"Fechar formul\u00e1rio de alertas\" data-open=\"Receba alertas quando novas ora\u00e7\u00f5es postarem\" id=\"ipray-subscribe-button\" href=\"javascript:;\">\n                           Receba alertas quando novas ora\u00e7\u00f5es postarem                        <\/a>\n                    <\/div>\n      \t\t\t<div id=\"ipray-prayers-container\" style=\"display: none;\">\n\t\t\t\t\t<h3>Adicionar nova ora\u00e7\u00e3o<\/h3>\t\t\t\n\t\t\t\t\t\n      \t\t\t\t<p class=\"ipray-instructions\"> Form instructions comes here<\/p>\n\t\t\t\t\n      \t\t\t\t<form id=\"ipray-prayer-submit-form\" name=\"ipray-prayer-submit-form\" method=\"post\" action=\"\">\n                    \t<div class=\"row\">\n                        \t<div class=\"col-md-6\">\n                                <div class=\"row\">\n                                    <div class=\"col-md-4\"><label for=\"name\">Seu Nome:<\/label><\/div>\n                                    <div class=\"col-md-8\"><input type=\"text\" tabindex=\"1\" id=\"name\" value=\"\" name=\"name\" class=\"form-control\"><\/div>\n                                <\/div>\n                                <div class=\"row\">\n                                    <div class=\"col-md-4\"><label for=\"email\">Seu E-Mail:<\/label><\/div>\n                                    <div class=\"col-md-8\"><input type=\"text\" tabindex=\"2\" id=\"email\" value=\"\" name=\"email\" class=\"form-control\"><\/div>\n                                <\/div>\n                                <div class=\"row\">\n                                    <div class=\"col-md-4\"><label for=\"phone\">Seu Telefone:<\/label><\/div>\n                                    <div class=\"col-md-8\"><input type=\"text\" tabindex=\"3\" id=\"phone\" value=\"\" name=\"phone\" class=\"form-control\"><\/div>\n                                <\/div>\n                                <div class=\"row\">\n                                    <div class=\"col-md-4\"><label for=\"desired_share_option\">Compartilhe<\/label><\/div>\n                                    <div class=\"col-md-8\">\n                                        <select tabindex=\"4\" id=\"desired_share_option\" name=\"desired_share_option\" class=\"form-control\">\n                                            <option value=\"0\">Compartilhe isso<\/option>\n                                                                                        <option value=\"1\">\n                                             Compartilhe isso anonimamente                                            <\/option>\n                                                                                        <option value=\"2\">\n                                            N\u00e3o compartilhe isso                                            <\/option>\n                                        <\/select>\n                                    <\/div>\n                                <\/div>\n                                <div class=\"row\">\n                                    <div class=\"col-md-4\"><label for=\"prayer\">Seu pedido de ora\u00e7\u00e3o:<\/label><\/div>\n                                    <div class=\"col-md-8\"><textarea tabindex=\"5\" id=\"prayer\" cols=\"\" rows=\"5\" name=\"prayer\" class=\"form-control\"><\/textarea><\/div>\n                                <\/div>\n                                <div class=\"row\">\n                                    <div class=\"col-md-4\"> <\/div>\n                                    <div class=\"col-md-8\">\n                                        <div id=\"ipray-submit-area\">\n                                                                                        <label class=\"checkbox\">\n                                                <input type=\"checkbox\" tabindex=\"6\" class=\"check\" value=\"1\" id=\"notifyme\" name=\"notifyme\">\n                                                Me mande um e-mail quando algu\u00e9m orar por mim                                            <\/label>\n                                                                                        <input type=\"hidden\" name=\"requesturi\" value=\"L2luZGV4LnBocD9yZXN0X3JvdXRlPSUyRndwJTJGdjIlMkZwYWdlcyUyRjI1OTM=\" \/>\n                                            <input type=\"hidden\" name=\"action\" value=\"prayer_submit\" \/>\n                                            <input type=\"submit\" tabindex=\"9\" class=\"submit btn btn-primary btn-block\" value=\"Enviar Solicita\u00e7\u00e3o\">\n                                        <\/div>\n                                    <\/div>\n                                <\/div>\n                          \t<\/div>\n                       \t<\/div>\n      \t\t\t\t<\/form>\n      \t\t\t<\/div>\n      \t\t<\/div>         \n<!-- prayer submit form end -->\n<!-- prayer newsletter --> \n<div id=\"newsletter-container\" style=\"display: none;\">\t\n\t<h3>Receba novas atualiza\u00e7\u00f5es de ora\u00e7\u00f5es<\/h3>\n    <div class=\"row\">\n    <form id=\"ipray-newsletter-form\" class=\"col-md-6\" name=\"ipray-newsletter-form\" method=\"post\" action=\"\">\n        <label for=\"email\">E-mail:<\/label>\n         <input type=\"text\" maxlength=\"70\" name=\"email\" class=\"form-control\">\n         <input type=\"hidden\" name=\"action\" value=\"newsletter_subscribe\" \/>\n        <input type=\"submit\" value=\"Assinar\" class=\"btn btn-primary\">\n    <\/form>\n    <\/div>\n<\/div><!-- prayer newsletter end --> \n      <!-- prayer container --> \n<div class=\"ipray-main-container\">\n<div id=\"ipray-notifications\" data-requesturi=\"L2luZGV4LnBocD9yZXN0X3JvdXRlPSUyRndwJTJGdjIlMkZwYWdlcyUyRjI1OTM=\" data-sending-text=\"Envio...\" data-success-msg=\"Prayer added successfully.\" data-error-msg=\"Opa!! Algo deu errado! Por favor, tente novamente!\"><\/div>\n      <div class=\"ipray-results-pagination\"><\/div>\n            <div class=\"ipray-search-results\">\n                  <div class=\"ipray-results-page\" data-msg-data-not-found=\"Nenhuma ora\u00e7\u00e3o encontrada\">\n                  <\/div>\n                    <div class=\"ipray-loading\" style='text-align: center; display: none;'>\n                        <img decoding=\"async\" src=\"https:\/\/jaimetomazdeaquino.org.br\/wp-content\/plugins\/ipray\/\/public\/templates\/images\/Loader.gif\" alt=\"Carregando...\" \/>\n                     <\/div>    \n            <\/div>  \n              \n       <div class=\"ipray-results-pagination\"><\/div>\n<\/div>\n <!-- prayer container end --> \n<form name=\"ipraylistHiddenForm\" id=\"ipraylistHiddenForm\" method=\"get\" action=\"https:\/\/jaimetomazdeaquino.org.br\/wp-content\/plugins\/ipray\/libraries\/ipray_utility.php\">\n    <input type=\"hidden\" name=\"action\" value=\"ipray-list\"><input type=\"hidden\" name=\"per_page\" value=\"10\"><input type=\"hidden\" name=\"start\" value=\"0\"><input type=\"hidden\" name=\"uid\" value=\"\"><input type=\"hidden\" name=\"uemail\" value=\"\"><\/form>\n<script type=\"text\/javascript\">\n<!--\n    $Jq(document).ready(function(){\n\t\tIGlobal.init();\n\t})\n\/\/ -->\n<\/script>\n\t\t<div class=\"elementor-shortcode\"><\/div>\n\t\t\t\t\t\t<\/div>\n\t\t\t\t<\/div>\n\t\t\t\t\t<\/div>\n\t\t<\/div>\n\t\t\t\t\t<\/div>\n\t\t<\/section>\n\t\t\t\t<\/div>\n\t\t","protected":false},"excerpt":{"rendered":"","protected":false},"author":1,"featured_media":0,"parent":0,"menu_order":0,"comment_status":"closed","ping_status":"closed","template":"","meta":{"footnotes":""},"class_list":["post-2593","page","type-page","status-publish","hentry"],"_links":{"self":[{"href":"https:\/\/jaimetomazdeaquino.org.br\/index.php?rest_route=\/wp\/v2\/pages\/2593","targetHints":{"allow":["GET"]}}],"collection":[{"href":"https:\/\/jaimetomazdeaquino.org.br\/index.php?rest_route=\/wp\/v2\/pages"}],"about":[{"href":"https:\/\/jaimetomazdeaquino.org.br\/index.php?rest_route=\/wp\/v2\/types\/page"}],"author":[{"embeddable":true,"href":"https:\/\/jaimetomazdeaquino.org.br\/index.php?rest_route=\/wp\/v2\/users\/1"}],"replies":[{"embeddable":true,"href":"https:\/\/jaimetomazdeaquino.org.br\/index.php?rest_route=%2Fwp%2Fv2%2Fcomments&post=2593"}],"version-history":[{"count":0,"href":"https:\/\/jaimetomazdeaquino.org.br\/index.php?rest_route=\/wp\/v2\/pages\/2593\/revisions"}],"wp:attachment":[{"href":"https:\/\/jaimetomazdeaquino.org.br\/index.php?rest_route=%2Fwp%2Fv2%2Fmedia&parent=2593"}],"curies":[{"name":"wp","href":"https:\/\/api.w.org\/{rel}","templated":true}]}}